{"id":857,"date":"2019-12-03T19:29:37","date_gmt":"2019-12-03T18:29:37","guid":{"rendered":"https:\/\/www.clinicadentalruisenores.com\/?page_id=857"},"modified":"2023-09-16T23:54:27","modified_gmt":"2023-09-16T21:54:27","slug":"inicio-prueba","status":"publish","type":"page","link":"https:\/\/www.clinicadentalruisenores.com\/","title":{"rendered":"Inicio"},"content":{"rendered":"<div id=\"pl-857\"  class=\"panel-layout\" ><div id=\"pg-857-0\"  class=\"panel-grid panel-no-style\" ><div id=\"pgc-857-0-0\"  class=\"panel-grid-cell panel-grid-cell-empty\" ><\/div><\/div><div id=\"pg-857-1\"  class=\"panel-grid panel-no-style\" ><div id=\"pgc-857-1-0\"  class=\"panel-grid-cell panel-grid-cell-empty\" ><\/div><\/div><div id=\"pg-857-2\"  class=\"panel-grid panel-has-style\" ><div class=\"siteorigin-panels-stretch panel-row-style panel-row-style-for-857-2\" data-stretch-type=\"full-stretched\" ><div id=\"pgc-857-2-0\"  class=\"panel-grid-cell panel-grid-cell-empty\" ><\/div><div id=\"pgc-857-2-1\"  class=\"panel-grid-cell panel-grid-cell-mobile-last\" ><div id=\"panel-857-2-1-0\" class=\"so-panel widget widget_sow-slider panel-first-child panel-last-child\" data-index=\"0\" ><div\n\t\t\t\n\t\t\tclass=\"so-widget-sow-slider so-widget-sow-slider-default-6d39609536fd-857\"\n\t\t\t\n\t\t>\t\t\t\t<div class=\"sow-slider-base\" style=\"display: none\" tabindex=\"0\">\n\t\t\t\t\t<ul\n\t\t\t\t\tclass=\"sow-slider-images\"\n\t\t\t\t\tdata-settings=\"{&quot;pagination&quot;:true,&quot;speed&quot;:800,&quot;timeout&quot;:3000,&quot;paused&quot;:false,&quot;pause_on_hover&quot;:false,&quot;swipe&quot;:true,&quot;nav_always_show_desktop&quot;:&quot;&quot;,&quot;nav_always_show_mobile&quot;:&quot;&quot;,&quot;breakpoint&quot;:&quot;780px&quot;,&quot;unmute&quot;:false,&quot;anchor&quot;:null}\"\n\t\t\t\t\t\t\t\t\t\tdata-anchor-id=\"\"\n\t\t\t\t>\t\t<li class=\"sow-slider-image\" style=\"visibility: visible;\" >\n\t\t\t\t\t\t<img loading=\"lazy\" decoding=\"async\" width=\"2500\" height=\"1425\" src=\"https:\/\/www.clinicadentalruisenores.com\/wp-content\/uploads\/2019\/12\/MiguelSANMAR011-e1575902445493.jpg\" class=\"sow-slider-background-image\" alt=\"\" style=\"\" srcset=\"https:\/\/www.clinicadentalruisenores.com\/wp-content\/uploads\/2019\/12\/MiguelSANMAR011-e1575902445493.jpg 2500w, https:\/\/www.clinicadentalruisenores.com\/wp-content\/uploads\/2019\/12\/MiguelSANMAR011-e1575902445493-300x171.jpg 300w, https:\/\/www.clinicadentalruisenores.com\/wp-content\/uploads\/2019\/12\/MiguelSANMAR011-e1575902445493-1024x584.jpg 1024w, https:\/\/www.clinicadentalruisenores.com\/wp-content\/uploads\/2019\/12\/MiguelSANMAR011-e1575902445493-768x438.jpg 768w, https:\/\/www.clinicadentalruisenores.com\/wp-content\/uploads\/2019\/12\/MiguelSANMAR011-e1575902445493-1536x876.jpg 1536w, https:\/\/www.clinicadentalruisenores.com\/wp-content\/uploads\/2019\/12\/MiguelSANMAR011-e1575902445493-2048x1167.jpg 2048w\" sizes=\"auto, (max-width: 2500px) 100vw, 2500px\" \/>\t\t<\/li>\n\t\t\t\t<li class=\"sow-slider-image\" style=\"visibility: hidden;\" >\n\t\t\t\t\t\t<img loading=\"lazy\" decoding=\"async\" width=\"2560\" height=\"1440\" src=\"https:\/\/www.clinicadentalruisenores.com\/wp-content\/uploads\/2021\/01\/taman\u0303odia.jpg\" class=\"sow-slider-background-image\" alt=\"\" style=\"\" srcset=\"https:\/\/www.clinicadentalruisenores.com\/wp-content\/uploads\/2021\/01\/taman\u0303odia.jpg 2560w, https:\/\/www.clinicadentalruisenores.com\/wp-content\/uploads\/2021\/01\/taman\u0303odia-300x169.jpg 300w, https:\/\/www.clinicadentalruisenores.com\/wp-content\/uploads\/2021\/01\/taman\u0303odia-1024x576.jpg 1024w, https:\/\/www.clinicadentalruisenores.com\/wp-content\/uploads\/2021\/01\/taman\u0303odia-768x432.jpg 768w, https:\/\/www.clinicadentalruisenores.com\/wp-content\/uploads\/2021\/01\/taman\u0303odia-1536x864.jpg 1536w, https:\/\/www.clinicadentalruisenores.com\/wp-content\/uploads\/2021\/01\/taman\u0303odia-2048x1152.jpg 2048w\" sizes=\"auto, (max-width: 2560px) 100vw, 2560px\" \/>\t\t<\/li>\n\t\t\t\t<li class=\"sow-slider-image\" style=\"visibility: hidden;\" >\n\t\t\t\t\t\t<img loading=\"lazy\" decoding=\"async\" width=\"2560\" height=\"1440\" src=\"https:\/\/www.clinicadentalruisenores.com\/wp-content\/uploads\/2021\/01\/taman\u0303onoche.jpg\" class=\"sow-slider-background-image\" alt=\"\" style=\"\" srcset=\"https:\/\/www.clinicadentalruisenores.com\/wp-content\/uploads\/2021\/01\/taman\u0303onoche.jpg 2560w, https:\/\/www.clinicadentalruisenores.com\/wp-content\/uploads\/2021\/01\/taman\u0303onoche-300x169.jpg 300w, https:\/\/www.clinicadentalruisenores.com\/wp-content\/uploads\/2021\/01\/taman\u0303onoche-1024x576.jpg 1024w, https:\/\/www.clinicadentalruisenores.com\/wp-content\/uploads\/2021\/01\/taman\u0303onoche-768x432.jpg 768w, https:\/\/www.clinicadentalruisenores.com\/wp-content\/uploads\/2021\/01\/taman\u0303onoche-1536x864.jpg 1536w, https:\/\/www.clinicadentalruisenores.com\/wp-content\/uploads\/2021\/01\/taman\u0303onoche-2048x1152.jpg 2048w\" sizes=\"auto, (max-width: 2560px) 100vw, 2560px\" \/>\t\t<\/li>\n\t\t<\/ul>\t\t\t\t<ol class=\"sow-slider-pagination\">\n\t\t\t\t\t\t\t\t\t\t\t<li><a href=\"#\" data-goto=\"0\" aria-label=\"mostrar diapositiva 1\"><\/a><\/li>\n\t\t\t\t\t\t\t\t\t\t\t<li><a href=\"#\" data-goto=\"1\" aria-label=\"mostrar diapositiva 2\"><\/a><\/li>\n\t\t\t\t\t\t\t\t\t\t\t<li><a href=\"#\" data-goto=\"2\" aria-label=\"mostrar diapositiva 3\"><\/a><\/li>\n\t\t\t\t\t\t\t\t\t<\/ol>\n\n\t\t\t\t<div class=\"sow-slide-nav sow-slide-nav-next\">\n\t\t\t\t\t<a href=\"#\" data-goto=\"next\" aria-label=\"diapositiva siguiente\" data-action=\"next\">\n\t\t\t\t\t\t<em class=\"sow-sld-icon-thin-right\"><\/em>\n\t\t\t\t\t<\/a>\n\t\t\t\t<\/div>\n\n\t\t\t\t<div class=\"sow-slide-nav sow-slide-nav-prev\">\n\t\t\t\t\t<a href=\"#\" data-goto=\"previous\" aria-label=\"diapositiva anterior\" data-action=\"prev\">\n\t\t\t\t\t\t<em class=\"sow-sld-icon-thin-left\"><\/em>\n\t\t\t\t\t<\/a>\n\t\t\t\t<\/div>\n\t\t\t\t<\/div><\/div><\/div><\/div><div id=\"pgc-857-2-2\"  class=\"panel-grid-cell panel-grid-cell-empty\" ><\/div><\/div><\/div><div id=\"pg-857-3\"  class=\"panel-grid panel-has-style\" ><div class=\"siteorigin-panels-stretch panel-row-style panel-row-style-for-857-3\" data-stretch-type=\"full-stretched\" ><div id=\"pgc-857-3-0\"  class=\"panel-grid-cell\" ><div id=\"panel-857-3-0-0\" class=\"so-panel widget widget_sow-hero panel-first-child panel-last-child\" data-index=\"1\" ><div\n\t\t\t\n\t\t\tclass=\"so-widget-sow-hero so-widget-sow-hero-default-07892bd64672-857 so-widget-fittext-wrapper\"\n\t\t\t data-fit-text-compressor=\"0.85\"\n\t\t>\t\t\t\t<div class=\"sow-slider-base\" style=\"display: none\" tabindex=\"0\">\n\t\t\t\t\t<ul\n\t\t\t\t\tclass=\"sow-slider-images\"\n\t\t\t\t\tdata-settings=\"{&quot;pagination&quot;:true,&quot;speed&quot;:800,&quot;timeout&quot;:3000,&quot;paused&quot;:false,&quot;pause_on_hover&quot;:false,&quot;swipe&quot;:true,&quot;nav_always_show_desktop&quot;:&quot;&quot;,&quot;nav_always_show_mobile&quot;:&quot;&quot;,&quot;breakpoint&quot;:&quot;780px&quot;,&quot;unmute&quot;:false,&quot;anchor&quot;:null}\"\n\t\t\t\t\t\t\t\t\t\tdata-anchor-id=\"\"\n\t\t\t\t>\t\t<li class=\"sow-slider-image\" style=\"visibility: visible;;background-color: #f2f2f2\" >\n\t\t\t\t\t<div class=\"sow-slider-image-container\">\n\t\t\t<div class=\"sow-slider-image-wrapper\">\n\t\t\t\t<p style=\"text-align: center\"><span style=\"font-family: redhatdisplay-wolf;color: #808080;font-size: 18pt\">COMPROMETIDOS CON TU SALUD DENTAL<\/span><\/p>\n\t\t\t<\/div>\n\t\t<\/div>\n\t\t\t\t<\/li>\n\t\t\t\t<li class=\"sow-slider-image\" style=\"visibility: hidden;;background-color: #f2f2f2\" >\n\t\t\t\t\t<div class=\"sow-slider-image-container\">\n\t\t\t<div class=\"sow-slider-image-wrapper\">\n\t\t\t\t<p style=\"text-align: center\"><span style=\"font-family: redhatdisplay-wolf;color: #808080;font-size: 18pt\">PROFESIONALIDAD, TRANSPARENCIA Y CERCAN\u00cdA<\/span><\/p>\n\t\t\t<\/div>\n\t\t<\/div>\n\t\t\t\t<\/li>\n\t\t<\/ul>\t\t\t\t<ol class=\"sow-slider-pagination\">\n\t\t\t\t\t\t\t\t\t\t\t<li><a href=\"#\" data-goto=\"0\" aria-label=\"mostrar diapositiva 1\"><\/a><\/li>\n\t\t\t\t\t\t\t\t\t\t\t<li><a href=\"#\" data-goto=\"1\" aria-label=\"mostrar diapositiva 2\"><\/a><\/li>\n\t\t\t\t\t\t\t\t\t<\/ol>\n\n\t\t\t\t<div class=\"sow-slide-nav sow-slide-nav-next\">\n\t\t\t\t\t<a href=\"#\" data-goto=\"next\" aria-label=\"diapositiva siguiente\" data-action=\"next\">\n\t\t\t\t\t\t<em class=\"sow-sld-icon-thin-right\"><\/em>\n\t\t\t\t\t<\/a>\n\t\t\t\t<\/div>\n\n\t\t\t\t<div class=\"sow-slide-nav sow-slide-nav-prev\">\n\t\t\t\t\t<a href=\"#\" data-goto=\"previous\" aria-label=\"diapositiva anterior\" data-action=\"prev\">\n\t\t\t\t\t\t<em class=\"sow-sld-icon-thin-left\"><\/em>\n\t\t\t\t\t<\/a>\n\t\t\t\t<\/div>\n\t\t\t\t<\/div><\/div><\/div><\/div><\/div><\/div><div id=\"pg-857-4\"  class=\"panel-grid panel-no-style\" ><div id=\"pgc-857-4-0\"  class=\"panel-grid-cell panel-grid-cell-empty\" ><\/div><div id=\"pgc-857-4-1\"  class=\"panel-grid-cell\" ><div id=\"panel-857-4-1-0\" class=\"so-panel widget widget_sow-editor panel-first-child panel-last-child\" data-index=\"2\" ><div\n\t\t\t\n\t\t\tclass=\"so-widget-sow-editor so-widget-sow-editor-base\"\n\t\t\t\n\t\t>\n<div class=\"siteorigin-widget-tinymce textwidget\">\n\t<p style=\"text-align: center;\"><span style=\"font-size: 12pt;\"><span style=\"font-family: redhatdisplay-wolf;\">AMPLIA EXPERIENCIA<\/span><\/span><\/p>\n<p style=\"text-align: center;\"><span style=\"font-family: redhatdisplay-wolf; font-size: 12pt;\">La Cl\u00ednica Dental Ziba Ruise\u00f1ores dispone de un equipo de odont\u00f3logos altamente cualificado en las diferentes especialidades dentales, con mas de 20 a\u00f1os de experiencia.<\/span><\/p>\n<\/div>\n<\/div><\/div><\/div><div id=\"pgc-857-4-2\"  class=\"panel-grid-cell\" ><div id=\"panel-857-4-2-0\" class=\"so-panel widget widget_sow-editor panel-first-child panel-last-child\" data-index=\"3\" ><div\n\t\t\t\n\t\t\tclass=\"so-widget-sow-editor so-widget-sow-editor-base\"\n\t\t\t\n\t\t>\n<div class=\"siteorigin-widget-tinymce textwidget\">\n\t<p style=\"text-align: center;\"><span style=\"font-family: redhatdisplay-wolf; font-size: 12pt;\">EXCELENCIA A TU ALCANCE<\/span><\/p>\n<p style=\"text-align: center;\"><span style=\"font-family: redhatdisplay-wolf; font-size: 12pt;\">Vis\u00edtanos sin compromiso:\u00a0 estamos en el centro de Zaragoza. La primera visita de diagn\u00f3stico y presupuesto es gratuita. Ofrecemos a cada paciente una financiaci\u00f3n personalizada en todos los tratamientos.<\/span><\/p>\n<\/div>\n<\/div><\/div><\/div><div id=\"pgc-857-4-3\"  class=\"panel-grid-cell panel-grid-cell-mobile-last\" ><div id=\"panel-857-4-3-0\" class=\"so-panel widget widget_sow-editor panel-first-child panel-last-child\" data-index=\"4\" ><div class=\"iw-med-up panel-widget-style panel-widget-style-for-857-4-3-0\" ><div\n\t\t\t\n\t\t\tclass=\"so-widget-sow-editor so-widget-sow-editor-base\"\n\t\t\t\n\t\t>\n<div class=\"siteorigin-widget-tinymce textwidget\">\n\t<p style=\"text-align: center;\"><span style=\"font-family: redhatdisplay-wolf; font-size: 12pt;\">SOMOS ESPECIALISTAS<\/span><\/p>\n<p style=\"text-align: center;\"><span style=\"font-family: redhatdisplay-wolf; font-size: 12pt;\">Estamos especializados en implantolog\u00eda, odontolog\u00eda est\u00e9tica, periodoncia, ortodoncia y odontopediatr\u00eda. Todo ello para lograr\u00a0 el mejor resultado en tus tratamientos.<\/span><\/p>\n<\/div>\n<\/div><\/div><\/div><\/div><div id=\"pgc-857-4-4\"  class=\"panel-grid-cell panel-grid-cell-empty\" ><\/div><\/div><div id=\"pg-857-5\"  class=\"panel-grid panel-has-style\" ><div class=\"panel-row-style panel-row-style-for-857-5\" ><div id=\"pgc-857-5-0\"  class=\"panel-grid-cell panel-grid-cell-empty\" ><\/div><\/div><\/div><div id=\"pg-857-6\"  class=\"panel-grid panel-has-style\" ><div class=\"panel-row-style panel-row-style-for-857-6\" ><div id=\"pgc-857-6-0\"  class=\"panel-grid-cell panel-grid-cell-empty\" ><\/div><div id=\"pgc-857-6-1\"  class=\"panel-grid-cell\" ><div id=\"panel-857-6-1-0\" class=\"so-panel widget widget_sow-image panel-first-child\" data-index=\"5\" ><div\n\t\t\t\n\t\t\tclass=\"so-widget-sow-image so-widget-sow-image-default-c67d20f9f743-857\"\n\t\t\t\n\t\t>\n<div class=\"sow-image-container\">\n\t\t<img \n\tsrc=\"https:\/\/www.clinicadentalruisenores.com\/wp-content\/uploads\/2019\/12\/Abrir.png\" width=\"85\" height=\"84\" sizes=\"(max-width: 85px) 100vw, 85px\" alt=\"\" \t\tclass=\"so-widget-image\"\/>\n\t<\/div>\n\n<\/div><\/div><div id=\"panel-857-6-1-1\" class=\"so-panel widget widget_sow-editor panel-last-child\" data-index=\"6\" ><div\n\t\t\t\n\t\t\tclass=\"so-widget-sow-editor so-widget-sow-editor-base\"\n\t\t\t\n\t\t>\n<div class=\"siteorigin-widget-tinymce textwidget\">\n\t<p style=\"text-align: center;\">976 051 555\u202c<\/p>\n<\/div>\n<\/div><\/div><\/div><div id=\"pgc-857-6-2\"  class=\"panel-grid-cell\" ><div id=\"panel-857-6-2-0\" class=\"so-panel widget widget_sow-image panel-first-child\" data-index=\"7\" ><div\n\t\t\t\n\t\t\tclass=\"so-widget-sow-image so-widget-sow-image-default-c67d20f9f743-857\"\n\t\t\t\n\t\t>\n<div class=\"sow-image-container\">\n\t\t<img \n\tsrc=\"https:\/\/www.clinicadentalruisenores.com\/wp-content\/uploads\/2019\/12\/local-1.png\" width=\"85\" height=\"86\" sizes=\"(max-width: 85px) 100vw, 85px\" title=\"local\" alt=\"\" \t\tclass=\"so-widget-image\"\/>\n\t<\/div>\n\n<\/div><\/div><div id=\"panel-857-6-2-1\" class=\"so-panel widget widget_sow-editor panel-last-child\" data-index=\"8\" ><div\n\t\t\t\n\t\t\tclass=\"so-widget-sow-editor so-widget-sow-editor-base\"\n\t\t\t\n\t\t>\n<div class=\"siteorigin-widget-tinymce textwidget\">\n\t<p style=\"text-align: center;\">C\/ Arzobispo Morcillo 40<br \/>\n50006 Zaragoza<\/p>\n<\/div>\n<\/div><\/div><\/div><div id=\"pgc-857-6-3\"  class=\"panel-grid-cell\" ><div id=\"panel-857-6-3-0\" class=\"so-panel widget widget_sow-image panel-first-child\" data-index=\"9\" ><div\n\t\t\t\n\t\t\tclass=\"so-widget-sow-image so-widget-sow-image-default-c67d20f9f743-857\"\n\t\t\t\n\t\t>\n<div class=\"sow-image-container\">\n\t\t<img \n\tsrc=\"https:\/\/www.clinicadentalruisenores.com\/wp-content\/uploads\/2019\/12\/last-1.png\" width=\"85\" height=\"86\" sizes=\"(max-width: 85px) 100vw, 85px\" title=\"last\" alt=\"\" \t\tclass=\"so-widget-image\"\/>\n\t<\/div>\n\n<\/div><\/div><div id=\"panel-857-6-3-1\" class=\"so-panel widget widget_sow-editor panel-last-child\" data-index=\"10\" ><div\n\t\t\t\n\t\t\tclass=\"so-widget-sow-editor so-widget-sow-editor-base\"\n\t\t\t\n\t\t>\n<div class=\"siteorigin-widget-tinymce textwidget\">\n\t<p style=\"text-align: center;\"><span style=\"font-family: redhatdisplay-wolf;\">De lunes a jueves:<br \/>\n9:30-13:00 \/ <\/span><span style=\"font-family: redhatdisplay-wolf;\">15:30-20:00<br \/>\n<\/span><span style=\"font-family: redhatdisplay-wolf;\">Viernes:<br \/>\n9:00- 15:00<\/span><\/p>\n<\/div>\n<\/div><\/div><\/div><div id=\"pgc-857-6-4\"  class=\"panel-grid-cell panel-grid-cell-mobile-last\" ><div id=\"panel-857-6-4-0\" class=\"so-panel widget widget_sow-social-media-buttons panel-first-child\" data-index=\"11\" ><div\n\t\t\t\n\t\t\tclass=\"so-widget-sow-social-media-buttons so-widget-sow-social-media-buttons-flat-3d0d605549c2-857\"\n\t\t\t\n\t\t>\n\n<div class=\"social-media-button-container\">\n\t\n\t\t<a \n\t\tclass=\"sow-social-media-button-instagram-0 sow-social-media-button\" title=\"Clinica Dental Ziba Ruise\u00f1ores en Instagram\" aria-label=\"Clinica Dental Ziba Ruise\u00f1ores en Instagram\" target=\"_blank\" rel=\"noopener noreferrer\" href=\"https:\/\/www.instagram.com\/clinicadentalruisenores\/?hl=es\" \t\t>\n\t\t\t<span>\n\t\t\t\t\t\t\t\t<span class=\"sow-icon-fontawesome sow-fab\" data-sow-icon=\"&#xf16d;\"\n\t\t \n\t\taria-hidden=\"true\"><\/span>\t\t\t\t\t\t\t<\/span>\n\t\t<\/a>\n\t\n\t\t<a \n\t\tclass=\"sow-social-media-button-facebook-0 sow-social-media-button\" title=\"Clinica Dental Ziba Ruise\u00f1ores en Facebook\" aria-label=\"Clinica Dental Ziba Ruise\u00f1ores en Facebook\" target=\"_blank\" rel=\"noopener noreferrer\" href=\"https:\/\/www.facebook.com\/clinica.dentalruisenores?fref=search&#038;__tn__=%2Cd%2CP-R&#038;eid=ARAtsdscDUCztZVx8pLzM3Ddl-acbuuLwVYwIwBgdrJkyWzRjFJFlcQdtNM2ybUOF5xbkJOxSICDV-0M\" \t\t>\n\t\t\t<span>\n\t\t\t\t\t\t\t\t<span class=\"sow-icon-fontawesome sow-fab\" data-sow-icon=\"&#xf39e;\"\n\t\t \n\t\taria-hidden=\"true\"><\/span>\t\t\t\t\t\t\t<\/span>\n\t\t<\/a>\n\t<\/div>\n<\/div><\/div><div id=\"panel-857-6-4-1\" class=\"so-panel widget widget_sow-editor panel-last-child\" data-index=\"12\" ><div\n\t\t\t\n\t\t\tclass=\"so-widget-sow-editor so-widget-sow-editor-base\"\n\t\t\t\n\t\t>\n<div class=\"siteorigin-widget-tinymce textwidget\">\n\t<p style=\"text-align: center;\" data-mce-style=\"text-align: center;\"><span style=\"font-family: redhatdisplay-wolf;\" data-mce-style=\"font-family: redhatdisplay-wolf;\">S\u00edguenos en redes sociales<\/span><\/p>\n<\/div>\n<\/div><\/div><\/div><div id=\"pgc-857-6-5\"  class=\"panel-grid-cell panel-grid-cell-empty\" ><\/div><\/div><\/div><\/div>","protected":false},"excerpt":{"rendered":"<p>COMPROMETIDOS CON TU SALUD DENTAL PROFESIONALIDAD, TRANSPARENCIA Y CERCAN\u00cdA AMPLIA EXPERIENCIA La Cl\u00ednica Dental Ziba Ruise\u00f1ores dispone de un equipo de odont\u00f3logos altamente cualificado en las diferentes especialidades dentales, con mas de 20 a\u00f1os de experiencia. EXCELENCIA A TU ALCANCE Vis\u00edtanos sin compromiso:\u00a0 estamos en el centro de Zaragoza. La primera visita de diagn\u00f3stico y&hellip;<\/p>\n","protected":false},"author":1,"featured_media":0,"parent":0,"menu_order":0,"comment_status":"closed","ping_status":"closed","template":"","meta":{"_monsterinsights_skip_tracking":false,"_monsterinsights_sitenote_active":false,"_monsterinsights_sitenote_note":"","_monsterinsights_sitenote_category":0,"footnotes":""},"class_list":["post-857","page","type-page","status-publish","hentry","post"],"_links":{"self":[{"href":"https:\/\/www.clinicadentalruisenores.com\/index.php\/wp-json\/wp\/v2\/pages\/857","targetHints":{"allow":["GET"]}}],"collection":[{"href":"https:\/\/www.clinicadentalruisenores.com\/index.php\/wp-json\/wp\/v2\/pages"}],"about":[{"href":"https:\/\/www.clinicadentalruisenores.com\/index.php\/wp-json\/wp\/v2\/types\/page"}],"author":[{"embeddable":true,"href":"https:\/\/www.clinicadentalruisenores.com\/index.php\/wp-json\/wp\/v2\/users\/1"}],"replies":[{"embeddable":true,"href":"https:\/\/www.clinicadentalruisenores.com\/index.php\/wp-json\/wp\/v2\/comments?post=857"}],"version-history":[{"count":276,"href":"https:\/\/www.clinicadentalruisenores.com\/index.php\/wp-json\/wp\/v2\/pages\/857\/revisions"}],"predecessor-version":[{"id":2109,"href":"https:\/\/www.clinicadentalruisenores.com\/index.php\/wp-json\/wp\/v2\/pages\/857\/revisions\/2109"}],"wp:attachment":[{"href":"https:\/\/www.clinicadentalruisenores.com\/index.php\/wp-json\/wp\/v2\/media?parent=857"}],"curies":[{"name":"wp","href":"https:\/\/api.w.org\/{rel}","templated":true}]}}